{"id":3342,"date":"2024-09-24T16:55:00","date_gmt":"2024-09-24T19:55:00","guid":{"rendered":"https:\/\/ensalcira-cba.infd.edu.ar\/sitio\/?page_id=3342"},"modified":"2024-09-24T16:57:43","modified_gmt":"2024-09-24T19:57:43","slug":"olimpiadas-de-matematicas","status":"publish","type":"page","link":"https:\/\/ensalcira-cba.infd.edu.ar\/sitio\/olimpiadas-de-matematicas\/","title":{"rendered":"Olimp\u00edadas de Matem\u00e1ticas"},"content":{"rendered":"\n<p>Estudiantes de nuestra Instituci\u00f3n participaron de las Olimp\u00edadas Cordobesas de Matem\u00e1tica desarrolladas en la localidad de Berrotar\u00e1n en el I.P.E.T. N\u00b080 \u00abLuis F. Leloir\u00bb acompa\u00f1ados por las profesoras: Buosi, Marilina &#8211; Deambrogio, Gisela y Devia, Sof\u00eda. <\/p>\n\n\n\n<div class=\"wp-block-columns is-layout-flex wp-container-3\">\n<div class=\"wp-block-column is-layout-flow\">\n<figure class=\"wp-block-image size-full\"><img decoding=\"async\" loading=\"lazy\" width=\"1440\" height=\"1022\" src=\"https:\/\/ensalcira-cba.infd.edu.ar\/sitio\/wp-content\/uploads\/2024\/09\/448857136_2183416862020772_6958397108600585021_n.jpg\" alt=\"\" class=\"wp-image-3343\" srcset=\"https:\/\/ensalcira-cba.infd.edu.ar\/sitio\/wp-content\/uploads\/2024\/09\/448857136_2183416862020772_6958397108600585021_n.jpg 1440w, https:\/\/ensalcira-cba.infd.edu.ar\/sitio\/wp-content\/uploads\/2024\/09\/448857136_2183416862020772_6958397108600585021_n-1000x710.jpg 1000w, https:\/\/ensalcira-cba.infd.edu.ar\/sitio\/wp-content\/uploads\/2024\/09\/448857136_2183416862020772_6958397108600585021_n-768x545.jpg 768w\" sizes=\"(max-width: 1440px) 100vw, 1440px\" \/><\/figure>\n<\/div>\n\n\n\n<div class=\"wp-block-column is-layout-flow\">\n<figure class=\"wp-block-image size-full\"><img decoding=\"async\" loading=\"lazy\" width=\"1440\" height=\"1021\" src=\"https:\/\/ensalcira-cba.infd.edu.ar\/sitio\/wp-content\/uploads\/2024\/09\/448994571_2183416825354109_3098856841232296644_n.jpg\" alt=\"\" class=\"wp-image-3344\" srcset=\"https:\/\/ensalcira-cba.infd.edu.ar\/sitio\/wp-content\/uploads\/2024\/09\/448994571_2183416825354109_3098856841232296644_n.jpg 1440w, https:\/\/ensalcira-cba.infd.edu.ar\/sitio\/wp-content\/uploads\/2024\/09\/448994571_2183416825354109_3098856841232296644_n-1000x709.jpg 1000w, https:\/\/ensalcira-cba.infd.edu.ar\/sitio\/wp-content\/uploads\/2024\/09\/448994571_2183416825354109_3098856841232296644_n-768x545.jpg 768w\" sizes=\"(max-width: 1440px) 100vw, 1440px\" \/><\/figure>\n<\/div>\n<\/div>\n\n\n\n<div class=\"wp-block-columns is-layout-flex wp-container-6\">\n<div class=\"wp-block-column is-layout-flow\">\n<figure class=\"wp-block-image size-full\"><img decoding=\"async\" loading=\"lazy\" width=\"1440\" height=\"1022\" src=\"https:\/\/ensalcira-cba.infd.edu.ar\/sitio\/wp-content\/uploads\/2024\/09\/448854333_2183416855354106_6014225869743648858_n.jpg\" alt=\"\" class=\"wp-image-3345\" srcset=\"https:\/\/ensalcira-cba.infd.edu.ar\/sitio\/wp-content\/uploads\/2024\/09\/448854333_2183416855354106_6014225869743648858_n.jpg 1440w, https:\/\/ensalcira-cba.infd.edu.ar\/sitio\/wp-content\/uploads\/2024\/09\/448854333_2183416855354106_6014225869743648858_n-1000x710.jpg 1000w, https:\/\/ensalcira-cba.infd.edu.ar\/sitio\/wp-content\/uploads\/2024\/09\/448854333_2183416855354106_6014225869743648858_n-768x545.jpg 768w\" sizes=\"(max-width: 1440px) 100vw, 1440px\" \/><\/figure>\n<\/div>\n\n\n\n<div class=\"wp-block-column is-layout-flow\">\n<figure class=\"wp-block-image size-full\"><img decoding=\"async\" loading=\"lazy\" width=\"1440\" height=\"1022\" src=\"https:\/\/ensalcira-cba.infd.edu.ar\/sitio\/wp-content\/uploads\/2024\/09\/448882660_2183416852020773_3413711346770617343_n.jpg\" alt=\"\" class=\"wp-image-3346\" srcset=\"https:\/\/ensalcira-cba.infd.edu.ar\/sitio\/wp-content\/uploads\/2024\/09\/448882660_2183416852020773_3413711346770617343_n.jpg 1440w, https:\/\/ensalcira-cba.infd.edu.ar\/sitio\/wp-content\/uploads\/2024\/09\/448882660_2183416852020773_3413711346770617343_n-1000x710.jpg 1000w, https:\/\/ensalcira-cba.infd.edu.ar\/sitio\/wp-content\/uploads\/2024\/09\/448882660_2183416852020773_3413711346770617343_n-768x545.jpg 768w\" sizes=\"(max-width: 1440px) 100vw, 1440px\" \/><\/figure>\n<\/div>\n<\/div>\n\n\n\n<div class=\"wp-block-columns is-layout-flex wp-container-9\">\n<div class=\"wp-block-column is-layout-flow\">\n<figure class=\"wp-block-image size-full\"><img decoding=\"async\" loading=\"lazy\" width=\"1440\" height=\"1022\" src=\"https:\/\/ensalcira-cba.infd.edu.ar\/sitio\/wp-content\/uploads\/2024\/09\/449203877_2183416858687439_3278888122899250408_n.jpg\" alt=\"\" class=\"wp-image-3347\" srcset=\"https:\/\/ensalcira-cba.infd.edu.ar\/sitio\/wp-content\/uploads\/2024\/09\/449203877_2183416858687439_3278888122899250408_n.jpg 1440w, https:\/\/ensalcira-cba.infd.edu.ar\/sitio\/wp-content\/uploads\/2024\/09\/449203877_2183416858687439_3278888122899250408_n-1000x710.jpg 1000w, https:\/\/ensalcira-cba.infd.edu.ar\/sitio\/wp-content\/uploads\/2024\/09\/449203877_2183416858687439_3278888122899250408_n-768x545.jpg 768w\" sizes=\"(max-width: 1440px) 100vw, 1440px\" \/><\/figure>\n<\/div>\n\n\n\n<div class=\"wp-block-column is-layout-flow\">\n<figure class=\"wp-block-image size-full\"><img decoding=\"async\" loading=\"lazy\" width=\"1440\" height=\"1022\" src=\"https:\/\/ensalcira-cba.infd.edu.ar\/sitio\/wp-content\/uploads\/2024\/09\/449312059_2183416822020776_3003203387050452059_n.jpg\" alt=\"\" class=\"wp-image-3348\" srcset=\"https:\/\/ensalcira-cba.infd.edu.ar\/sitio\/wp-content\/uploads\/2024\/09\/449312059_2183416822020776_3003203387050452059_n.jpg 1440w, https:\/\/ensalcira-cba.infd.edu.ar\/sitio\/wp-content\/uploads\/2024\/09\/449312059_2183416822020776_3003203387050452059_n-1000x710.jpg 1000w, https:\/\/ensalcira-cba.infd.edu.ar\/sitio\/wp-content\/uploads\/2024\/09\/449312059_2183416822020776_3003203387050452059_n-768x545.jpg 768w\" sizes=\"(max-width: 1440px) 100vw, 1440px\" \/><\/figure>\n<\/div>\n<\/div>\n\n\n\n<div class=\"wp-block-columns is-layout-flex wp-container-12\">\n<div class=\"wp-block-column is-layout-flow\">\n<figure class=\"wp-block-image size-full\"><img decoding=\"async\" loading=\"lazy\" width=\"1440\" height=\"1022\" src=\"https:\/\/ensalcira-cba.infd.edu.ar\/sitio\/wp-content\/uploads\/2024\/09\/449333605_2183416818687443_7847980538428136382_n.jpg\" alt=\"\" class=\"wp-image-3349\" srcset=\"https:\/\/ensalcira-cba.infd.edu.ar\/sitio\/wp-content\/uploads\/2024\/09\/449333605_2183416818687443_7847980538428136382_n.jpg 1440w, https:\/\/ensalcira-cba.infd.edu.ar\/sitio\/wp-content\/uploads\/2024\/09\/449333605_2183416818687443_7847980538428136382_n-1000x710.jpg 1000w, https:\/\/ensalcira-cba.infd.edu.ar\/sitio\/wp-content\/uploads\/2024\/09\/449333605_2183416818687443_7847980538428136382_n-768x545.jpg 768w\" sizes=\"(max-width: 1440px) 100vw, 1440px\" \/><\/figure>\n<\/div>\n\n\n\n<div class=\"wp-block-column is-layout-flow\">\n<figure class=\"wp-block-image size-full\"><img decoding=\"async\" loading=\"lazy\" width=\"1440\" height=\"1079\" src=\"https:\/\/ensalcira-cba.infd.edu.ar\/sitio\/wp-content\/uploads\/2024\/09\/449318056_2183425778686547_28662797765399292_n.jpg\" alt=\"\" class=\"wp-image-3352\" srcset=\"https:\/\/ensalcira-cba.infd.edu.ar\/sitio\/wp-content\/uploads\/2024\/09\/449318056_2183425778686547_28662797765399292_n.jpg 1440w, https:\/\/ensalcira-cba.infd.edu.ar\/sitio\/wp-content\/uploads\/2024\/09\/449318056_2183425778686547_28662797765399292_n-1000x749.jpg 1000w, https:\/\/ensalcira-cba.infd.edu.ar\/sitio\/wp-content\/uploads\/2024\/09\/449318056_2183425778686547_28662797765399292_n-768x575.jpg 768w\" sizes=\"(max-width: 1440px) 100vw, 1440px\" \/><\/figure>\n<\/div>\n<\/div>\n","protected":false},"excerpt":{"rendered":"<p>Estudiantes de nuestra Instituci\u00f3n participaron de las Olimp\u00edadas Cordobesas de Matem\u00e1tica desarrolladas en la localidad de Berrotar\u00e1n en el I.P.E.T. N\u00b080 \u00abLuis F. Leloir\u00bb acompa\u00f1ados por las profesoras: Buosi, Marilina &#8211; Deambrogio, Gisela y Devia, Sof\u00eda.<\/p>\n","protected":false},"author":330,"featured_media":0,"parent":0,"menu_order":0,"comment_status":"closed","ping_status":"closed","template":"","meta":[],"acf":[],"_links":{"self":[{"href":"https:\/\/ensalcira-cba.infd.edu.ar\/sitio\/wp-json\/wp\/v2\/pages\/3342"}],"collection":[{"href":"https:\/\/ensalcira-cba.infd.edu.ar\/sitio\/wp-json\/wp\/v2\/pages"}],"about":[{"href":"https:\/\/ensalcira-cba.infd.edu.ar\/sitio\/wp-json\/wp\/v2\/types\/page"}],"author":[{"embeddable":true,"href":"https:\/\/ensalcira-cba.infd.edu.ar\/sitio\/wp-json\/wp\/v2\/users\/330"}],"replies":[{"embeddable":true,"href":"https:\/\/ensalcira-cba.infd.edu.ar\/sitio\/wp-json\/wp\/v2\/comments?post=3342"}],"version-history":[{"count":2,"href":"https:\/\/ensalcira-cba.infd.edu.ar\/sitio\/wp-json\/wp\/v2\/pages\/3342\/revisions"}],"predecessor-version":[{"id":3353,"href":"https:\/\/ensalcira-cba.infd.edu.ar\/sitio\/wp-json\/wp\/v2\/pages\/3342\/revisions\/3353"}],"wp:attachment":[{"href":"https:\/\/ensalcira-cba.infd.edu.ar\/sitio\/wp-json\/wp\/v2\/media?parent=3342"}],"curies":[{"name":"wp","href":"https:\/\/api.w.org\/{rel}","templated":true}]}}