{"id":3336,"date":"2024-09-24T16:46:37","date_gmt":"2024-09-24T19:46:37","guid":{"rendered":"https:\/\/ensalcira-cba.infd.edu.ar\/sitio\/?page_id=3336"},"modified":"2024-09-24T16:46:39","modified_gmt":"2024-09-24T19:46:39","slug":"visita-a-sieger","status":"publish","type":"page","link":"https:\/\/ensalcira-cba.infd.edu.ar\/sitio\/visita-a-sieger\/","title":{"rendered":"Visita a Sieger"},"content":{"rendered":"\n<p>Estudiantes de la Tecnicatura Superior en Higiene y Seguridad en el Trabajo, realizaron visitas a la empresa Alican acompa\u00f1ados por los profesores Marcos G\u00f3mez y Diego Alfonso.<\/p>\n\n\n\n<p>Agradecemos por la excelente atenci\u00f3n y la capacitaci\u00f3n recibida.<\/p>\n\n\n\n<p><\/p>\n\n\n\n<div class=\"wp-block-columns is-layout-flex wp-container-3\">\n<div class=\"wp-block-column is-layout-flow\">\n<figure class=\"wp-block-image size-full\"><img decoding=\"async\" loading=\"lazy\" width=\"720\" height=\"900\" src=\"https:\/\/ensalcira-cba.infd.edu.ar\/sitio\/wp-content\/uploads\/2024\/09\/447852571_2172995703062888_3467049784183005806_n.jpg\" alt=\"\" class=\"wp-image-3337\"\/><\/figure>\n<\/div>\n\n\n\n<div class=\"wp-block-column is-layout-flow\">\n<figure class=\"wp-block-image size-full\"><img decoding=\"async\" loading=\"lazy\" width=\"1080\" height=\"1350\" src=\"https:\/\/ensalcira-cba.infd.edu.ar\/sitio\/wp-content\/uploads\/2024\/09\/448233614_2172995709729554_6139455834645934621_n.jpg\" alt=\"\" class=\"wp-image-3338\" srcset=\"https:\/\/ensalcira-cba.infd.edu.ar\/sitio\/wp-content\/uploads\/2024\/09\/448233614_2172995709729554_6139455834645934621_n.jpg 1080w, https:\/\/ensalcira-cba.infd.edu.ar\/sitio\/wp-content\/uploads\/2024\/09\/448233614_2172995709729554_6139455834645934621_n-800x1000.jpg 800w, https:\/\/ensalcira-cba.infd.edu.ar\/sitio\/wp-content\/uploads\/2024\/09\/448233614_2172995709729554_6139455834645934621_n-768x960.jpg 768w\" sizes=\"(max-width: 1080px) 100vw, 1080px\" \/><\/figure>\n<\/div>\n<\/div>\n","protected":false},"excerpt":{"rendered":"<p>Estudiantes de la Tecnicatura Superior en Higiene y Seguridad en el Trabajo, realizaron visitas a la empresa Alican acompa\u00f1ados por los profesores Marcos G\u00f3mez y Diego Alfonso. Agradecemos por la excelente atenci\u00f3n y la capacitaci\u00f3n recibida.<\/p>\n","protected":false},"author":330,"featured_media":0,"parent":0,"menu_order":0,"comment_status":"closed","ping_status":"closed","template":"","meta":[],"acf":[],"_links":{"self":[{"href":"https:\/\/ensalcira-cba.infd.edu.ar\/sitio\/wp-json\/wp\/v2\/pages\/3336"}],"collection":[{"href":"https:\/\/ensalcira-cba.infd.edu.ar\/sitio\/wp-json\/wp\/v2\/pages"}],"about":[{"href":"https:\/\/ensalcira-cba.infd.edu.ar\/sitio\/wp-json\/wp\/v2\/types\/page"}],"author":[{"embeddable":true,"href":"https:\/\/ensalcira-cba.infd.edu.ar\/sitio\/wp-json\/wp\/v2\/users\/330"}],"replies":[{"embeddable":true,"href":"https:\/\/ensalcira-cba.infd.edu.ar\/sitio\/wp-json\/wp\/v2\/comments?post=3336"}],"version-history":[{"count":1,"href":"https:\/\/ensalcira-cba.infd.edu.ar\/sitio\/wp-json\/wp\/v2\/pages\/3336\/revisions"}],"predecessor-version":[{"id":3340,"href":"https:\/\/ensalcira-cba.infd.edu.ar\/sitio\/wp-json\/wp\/v2\/pages\/3336\/revisions\/3340"}],"wp:attachment":[{"href":"https:\/\/ensalcira-cba.infd.edu.ar\/sitio\/wp-json\/wp\/v2\/media?parent=3336"}],"curies":[{"name":"wp","href":"https:\/\/api.w.org\/{rel}","templated":true}]}}