{"id":3277,"date":"2024-09-10T16:40:12","date_gmt":"2024-09-10T19:40:12","guid":{"rendered":"https:\/\/ensalcira-cba.infd.edu.ar\/sitio\/?page_id=3277"},"modified":"2025-11-28T15:42:22","modified_gmt":"2025-11-28T18:42:22","slug":"oferta-educativa-2025","status":"publish","type":"page","link":"https:\/\/ensalcira-cba.infd.edu.ar\/sitio\/oferta-educativa-2025\/","title":{"rendered":"OFERTA EDUCATIVA 2026"},"content":{"rendered":"\n<p>Formulario de Inscripci\u00f3n al Profesorado de Educaci\u00f3n Primaria: <a href=\"https:\/\/docs.google.com\/forms\/d\/1AeEohz1gZ43E0Qi64ROTUsc9rXft-IZN7g7D5kgRJpg\/edit\">https:\/\/docs.google.com\/forms\/d\/1AeEohz1gZ43E0Qi64ROTUsc9rXft-IZN7g7D5kgRJpg\/edit<\/a><\/p>\n\n\n\n<p>Formulario de Inscripci\u00f3n a la Tecnicatura Superior en Tecnolog\u00eda y Biotecnolog\u00eda de los Alimentos: <a href=\"https:\/\/docs.google.com\/forms\/d\/1K-a1xkJiYb5HsceGE6rAmraFRsyqP6QL9cN2v-k2yV0\/edit\">https:\/\/docs.google.com\/forms\/d\/1K-a1xkJiYb5HsceGE6rAmraFRsyqP6QL9cN2v-k2yV0\/edit<\/a><\/p>\n\n\n\n<figure class=\"wp-block-image size-full is-resized\"><img decoding=\"async\" loading=\"lazy\" src=\"https:\/\/ensalcira-cba.infd.edu.ar\/sitio\/wp-content\/uploads\/2025\/11\/flyer-profesorado.jpeg\" alt=\"\" class=\"wp-image-3434\" width=\"784\" height=\"976\"\/><\/figure>\n\n\n\n<figure class=\"wp-block-image size-full is-resized\"><img decoding=\"async\" loading=\"lazy\" src=\"https:\/\/ensalcira-cba.infd.edu.ar\/sitio\/wp-content\/uploads\/2025\/11\/flyer-tec.-2.jpeg\" alt=\"\" class=\"wp-image-3435\" width=\"788\" height=\"1110\"\/><\/figure>\n\n\n\n<figure class=\"wp-block-image size-full is-resized\"><img decoding=\"async\" loading=\"lazy\" src=\"https:\/\/ensalcira-cba.infd.edu.ar\/sitio\/wp-content\/uploads\/2025\/11\/flyer-tec.-1.jpeg\" alt=\"\" class=\"wp-image-3437\" width=\"785\" height=\"1108\"\/><\/figure>\n","protected":false},"excerpt":{"rendered":"<p>Formulario de Inscripci\u00f3n al Profesorado de Educaci\u00f3n Primaria: https:\/\/docs.google.com\/forms\/d\/1AeEohz1gZ43E0Qi64ROTUsc9rXft-IZN7g7D5kgRJpg\/edit Formulario de Inscripci\u00f3n a la Tecnicatura Superior en Tecnolog\u00eda y Biotecnolog\u00eda de los Alimentos: https:\/\/docs.google.com\/forms\/d\/1K-a1xkJiYb5HsceGE6rAmraFRsyqP6QL9cN2v-k2yV0\/edit<\/p>\n","protected":false},"author":330,"featured_media":0,"parent":0,"menu_order":0,"comment_status":"closed","ping_status":"closed","template":"","meta":[],"acf":[],"_links":{"self":[{"href":"https:\/\/ensalcira-cba.infd.edu.ar\/sitio\/wp-json\/wp\/v2\/pages\/3277"}],"collection":[{"href":"https:\/\/ensalcira-cba.infd.edu.ar\/sitio\/wp-json\/wp\/v2\/pages"}],"about":[{"href":"https:\/\/ensalcira-cba.infd.edu.ar\/sitio\/wp-json\/wp\/v2\/types\/page"}],"author":[{"embeddable":true,"href":"https:\/\/ensalcira-cba.infd.edu.ar\/sitio\/wp-json\/wp\/v2\/users\/330"}],"replies":[{"embeddable":true,"href":"https:\/\/ensalcira-cba.infd.edu.ar\/sitio\/wp-json\/wp\/v2\/comments?post=3277"}],"version-history":[{"count":6,"href":"https:\/\/ensalcira-cba.infd.edu.ar\/sitio\/wp-json\/wp\/v2\/pages\/3277\/revisions"}],"predecessor-version":[{"id":3444,"href":"https:\/\/ensalcira-cba.infd.edu.ar\/sitio\/wp-json\/wp\/v2\/pages\/3277\/revisions\/3444"}],"wp:attachment":[{"href":"https:\/\/ensalcira-cba.infd.edu.ar\/sitio\/wp-json\/wp\/v2\/media?parent=3277"}],"curies":[{"name":"wp","href":"https:\/\/api.w.org\/{rel}","templated":true}]}}