{"id":2974,"date":"2021-10-14T10:54:25","date_gmt":"2021-10-14T13:54:25","guid":{"rendered":"https:\/\/ensalcira-cba.infd.edu.ar\/sitio\/?page_id=2974"},"modified":"2021-10-14T10:54:27","modified_gmt":"2021-10-14T13:54:27","slug":"semana-del-lavado-de-manos-produccion-de-jabones-artesanales","status":"publish","type":"page","link":"https:\/\/ensalcira-cba.infd.edu.ar\/sitio\/semana-del-lavado-de-manos-produccion-de-jabones-artesanales\/","title":{"rendered":"Semana del lavado de manos. Producci\u00f3n de jabones artesanales"},"content":{"rendered":"\n<p>14\/10\/2021 En el marco de la semana del lavado de manos y el cuidado de la salud se est\u00e1 realizando un proyecto con los estudiantes de sexto a\u00f1o en los espacios del EOI. (Ecolog\u00eda y Educaci\u00f3n para la Salud)<\/p>\n\n\n\n<p>Justamente, para fomentar el lavado de manos y el cuidado de la salud y, teniendo en cuenta que este domingo es el D\u00eda de la Madre, se est\u00e1n comercializando los jabones realizados por nuestros estudiantes. <\/p>\n\n\n\n<p>A trav\u00e9s de este proyecto tambi\u00e9n se busca promover en los estudiantes un esp\u00edritu emprendedor y que logren pensar cr\u00edtica y creativamente en la resoluci\u00f3n de situaciones problem\u00e1ticas.<\/p>\n\n\n\n<div class=\"wp-block-columns is-layout-flex wp-container-3\">\n<div class=\"wp-block-column is-layout-flow\">\n<figure class=\"wp-block-image size-large\"><img decoding=\"async\" loading=\"lazy\" width=\"1600\" height=\"1200\" src=\"https:\/\/ensalcira-cba.infd.edu.ar\/sitio\/wp-content\/uploads\/2021\/10\/WhatsApp-Image-2021-10-14-at-10.24.07-1-2.jpeg\" alt=\"\" class=\"wp-image-2977\" srcset=\"https:\/\/ensalcira-cba.infd.edu.ar\/sitio\/wp-content\/uploads\/2021\/10\/WhatsApp-Image-2021-10-14-at-10.24.07-1-2.jpeg 1600w, https:\/\/ensalcira-cba.infd.edu.ar\/sitio\/wp-content\/uploads\/2021\/10\/WhatsApp-Image-2021-10-14-at-10.24.07-1-2-1000x750.jpeg 1000w, https:\/\/ensalcira-cba.infd.edu.ar\/sitio\/wp-content\/uploads\/2021\/10\/WhatsApp-Image-2021-10-14-at-10.24.07-1-2-768x576.jpeg 768w, https:\/\/ensalcira-cba.infd.edu.ar\/sitio\/wp-content\/uploads\/2021\/10\/WhatsApp-Image-2021-10-14-at-10.24.07-1-2-1536x1152.jpeg 1536w\" sizes=\"(max-width: 1600px) 100vw, 1600px\" \/><\/figure>\n<\/div>\n\n\n\n<div class=\"wp-block-column is-layout-flow\">\n<figure class=\"wp-block-image size-large\"><img decoding=\"async\" loading=\"lazy\" width=\"1600\" height=\"1200\" src=\"https:\/\/ensalcira-cba.infd.edu.ar\/sitio\/wp-content\/uploads\/2021\/10\/WhatsApp-Image-2021-10-14-at-10.24.08-1.jpeg\" alt=\"\" class=\"wp-image-2978\" srcset=\"https:\/\/ensalcira-cba.infd.edu.ar\/sitio\/wp-content\/uploads\/2021\/10\/WhatsApp-Image-2021-10-14-at-10.24.08-1.jpeg 1600w, https:\/\/ensalcira-cba.infd.edu.ar\/sitio\/wp-content\/uploads\/2021\/10\/WhatsApp-Image-2021-10-14-at-10.24.08-1-1000x750.jpeg 1000w, https:\/\/ensalcira-cba.infd.edu.ar\/sitio\/wp-content\/uploads\/2021\/10\/WhatsApp-Image-2021-10-14-at-10.24.08-1-768x576.jpeg 768w, https:\/\/ensalcira-cba.infd.edu.ar\/sitio\/wp-content\/uploads\/2021\/10\/WhatsApp-Image-2021-10-14-at-10.24.08-1-1536x1152.jpeg 1536w\" sizes=\"(max-width: 1600px) 100vw, 1600px\" \/><\/figure>\n\n\n\n<p><\/p>\n<\/div>\n<\/div>\n","protected":false},"excerpt":{"rendered":"<p>14\/10\/2021 En el marco de la semana del lavado de manos y el cuidado de la salud se est\u00e1 realizando un proyecto con los estudiantes de sexto a\u00f1o en los espacios del EOI. (Ecolog\u00eda y Educaci\u00f3n para la Salud) Justamente, para fomentar el lavado de manos y el cuidado de la salud y, teniendo en &#8230; <a title=\"Semana del lavado de manos. Producci\u00f3n de jabones artesanales\" class=\"read-more\" href=\"https:\/\/ensalcira-cba.infd.edu.ar\/sitio\/semana-del-lavado-de-manos-produccion-de-jabones-artesanales\/\" aria-label=\"More on Semana del lavado de manos. Producci\u00f3n de jabones artesanales\">[+]<\/a><\/p>\n","protected":false},"author":330,"featured_media":0,"parent":0,"menu_order":0,"comment_status":"closed","ping_status":"closed","template":"","meta":[],"acf":[],"_links":{"self":[{"href":"https:\/\/ensalcira-cba.infd.edu.ar\/sitio\/wp-json\/wp\/v2\/pages\/2974"}],"collection":[{"href":"https:\/\/ensalcira-cba.infd.edu.ar\/sitio\/wp-json\/wp\/v2\/pages"}],"about":[{"href":"https:\/\/ensalcira-cba.infd.edu.ar\/sitio\/wp-json\/wp\/v2\/types\/page"}],"author":[{"embeddable":true,"href":"https:\/\/ensalcira-cba.infd.edu.ar\/sitio\/wp-json\/wp\/v2\/users\/330"}],"replies":[{"embeddable":true,"href":"https:\/\/ensalcira-cba.infd.edu.ar\/sitio\/wp-json\/wp\/v2\/comments?post=2974"}],"version-history":[{"count":1,"href":"https:\/\/ensalcira-cba.infd.edu.ar\/sitio\/wp-json\/wp\/v2\/pages\/2974\/revisions"}],"predecessor-version":[{"id":2980,"href":"https:\/\/ensalcira-cba.infd.edu.ar\/sitio\/wp-json\/wp\/v2\/pages\/2974\/revisions\/2980"}],"wp:attachment":[{"href":"https:\/\/ensalcira-cba.infd.edu.ar\/sitio\/wp-json\/wp\/v2\/media?parent=2974"}],"curies":[{"name":"wp","href":"https:\/\/api.w.org\/{rel}","templated":true}]}}