{"id":2652,"date":"2021-09-17T14:14:42","date_gmt":"2021-09-17T17:14:42","guid":{"rendered":"https:\/\/ensalcira-cba.infd.edu.ar\/sitio\/?page_id=2652"},"modified":"2022-11-24T15:38:16","modified_gmt":"2022-11-24T18:38:16","slug":"tecnicatura-superior","status":"publish","type":"page","link":"https:\/\/ensalcira-cba.infd.edu.ar\/sitio\/tecnicatura-superior\/","title":{"rendered":"Tecnicatura Superior"},"content":{"rendered":"\n<div class=\"wp-block-columns is-layout-flex wp-container-2\">\n<div class=\"wp-block-column is-layout-flow\" style=\"flex-basis:100%\"><\/div>\n<\/div>\n\n\n\n<p>Siempre pensando en la impronta formadora de la Escuela y la importancia a nivel regional que \u00e9sta posee, es que, luego de varias gestiones, a&nbsp; partir del a\u00f1o 2007 se comenz\u00f3 a brindar una nueva oferta acad\u00e9mica.<\/p>\n\n\n\n<p>Desde el comienzo, esta propuesta tiene como prop\u00f3sito desarrollar a nivel local y regional nuevos <strong>profesionales t\u00e9cnicos<\/strong> que puedan desempe\u00f1arse en diferentes \u00e1mbitos de manera id\u00f3nea, contando con los conocimientos y estrategias necesarias para hacer frente a las &nbsp;problem\u00e1ticas actuales, cada vez m\u00e1s complejas y din\u00e1micas.<\/p>\n\n\n\n<p>Es as\u00ed que, las ofertas que a lo largo de los a\u00f1os se han ido desarrollando tienen la particularidad de ser \u201ccarreras a t\u00e9rmino\u201d,&nbsp; caracter\u00edstica que hace posible que los egresados tengan un mercado de inserci\u00f3n laboral amplio. Por lo tanto, este rasgo distintivo hace que las Tecnicaturas se conviertan en verdaderas oportunidades de desarrollo personal, profesional y econ\u00f3mico.<\/p>\n\n\n\n<p>Hasta el momento las ofertas t\u00e9cnicas han sido las siguientes:<\/p>\n\n\n\n<ul><li>Tecnicatura Superior en Producci\u00f3n Agr\u00edcolo \u2013 Ganadera (Cohorte 2007, 2008 y 2009).<\/li><li>Tecnicatura Superior en Gesti\u00f3n de la Producci\u00f3n Agropecuaria (Cohorte 2011).<\/li><li>Tecnicatura Superior en Molienda de Cereales y Oleaginosas (Cohorte 2014).<\/li><li>Tecnicatura Superior en Seguridad e Higiene en el Trabajo (Cohorte 2017).<\/li><li>Tecnicatura Superior en Gesti\u00f3n Ambiental (Cohorte 2020)<\/li><\/ul>\n","protected":false},"excerpt":{"rendered":"<p>Siempre pensando en la impronta formadora de la Escuela y la importancia a nivel regional que \u00e9sta posee, es que, luego de varias gestiones, a&nbsp; partir del a\u00f1o 2007 se comenz\u00f3 a brindar una nueva oferta acad\u00e9mica. Desde el comienzo, esta propuesta tiene como prop\u00f3sito desarrollar a nivel local y regional nuevos profesionales t\u00e9cnicos que &#8230; <a title=\"Tecnicatura Superior\" class=\"read-more\" href=\"https:\/\/ensalcira-cba.infd.edu.ar\/sitio\/tecnicatura-superior\/\" aria-label=\"More on Tecnicatura Superior\">[+]<\/a><\/p>\n","protected":false},"author":330,"featured_media":0,"parent":0,"menu_order":0,"comment_status":"closed","ping_status":"closed","template":"","meta":[],"acf":[],"_links":{"self":[{"href":"https:\/\/ensalcira-cba.infd.edu.ar\/sitio\/wp-json\/wp\/v2\/pages\/2652"}],"collection":[{"href":"https:\/\/ensalcira-cba.infd.edu.ar\/sitio\/wp-json\/wp\/v2\/pages"}],"about":[{"href":"https:\/\/ensalcira-cba.infd.edu.ar\/sitio\/wp-json\/wp\/v2\/types\/page"}],"author":[{"embeddable":true,"href":"https:\/\/ensalcira-cba.infd.edu.ar\/sitio\/wp-json\/wp\/v2\/users\/330"}],"replies":[{"embeddable":true,"href":"https:\/\/ensalcira-cba.infd.edu.ar\/sitio\/wp-json\/wp\/v2\/comments?post=2652"}],"version-history":[{"count":4,"href":"https:\/\/ensalcira-cba.infd.edu.ar\/sitio\/wp-json\/wp\/v2\/pages\/2652\/revisions"}],"predecessor-version":[{"id":3127,"href":"https:\/\/ensalcira-cba.infd.edu.ar\/sitio\/wp-json\/wp\/v2\/pages\/2652\/revisions\/3127"}],"wp:attachment":[{"href":"https:\/\/ensalcira-cba.infd.edu.ar\/sitio\/wp-json\/wp\/v2\/media?parent=2652"}],"curies":[{"name":"wp","href":"https:\/\/api.w.org\/{rel}","templated":true}]}}