{"id":1331,"date":"2018-08-30T15:11:47","date_gmt":"2018-08-30T18:11:47","guid":{"rendered":"https:\/\/ensalcira-cba.infd.edu.ar\/sitio\/programa-sumar-cobertura-de-salud-para-adolescentes\/"},"modified":"2021-09-24T14:43:03","modified_gmt":"2021-09-24T17:43:03","slug":"programa-sumar-cobertura-de-salud-para-adolescentes","status":"publish","type":"page","link":"https:\/\/ensalcira-cba.infd.edu.ar\/sitio\/programa-sumar-cobertura-de-salud-para-adolescentes\/","title":{"rendered":"Programa &quot;SUMAR&quot; &#8211; Cobertura de Salud para Adolescentes"},"content":{"rendered":"<p style=\"text-align: justify;\"><span style=\"font-size: 12pt;\"><img decoding=\"async\" loading=\"lazy\" class=\"alignleft\" style=\"border: 0; float: left;\" title=\"folleto\" src=\"https:\/\/ensalcira-cba.infd.edu.ar\/sitio\/wp-content\/uploads\/2018\/08\/folleto_sumar.jpg\" alt=\"folleto\" width=\"450\" height=\"350\" border=\"0\">En el a\u00f1o 2012 el Gobierno Nacional lanz\u00f3 el <em><strong>Programa SUMAR<\/strong><\/em>, dirigido a&nbsp;ni\u00f1os\/as, adolescentes, embarazadas y mujeres hasta los 64 a\u00f1os, sin obra social, para mejorar y profundizar su atenci\u00f3n en los establecimientos p\u00fablicos de salud.&nbsp;<\/span><\/p>\n<p style=\"text-align: justify;\"><span style=\"font-size: 12pt;\">El Programa SUMAR cuenta con el apoyo y antecedente del Plan NACER, plan materno &#8211; infantil, proponiendo un novedoso sistema de transferencia de recursos a los centros de salud. &nbsp;<\/span><\/p>\n<p style=\"text-align: justify;\"><span style=\"font-size: 12pt;\"><img decoding=\"async\" loading=\"lazy\" class=\"alignright\" style=\"border: 0; float: right;\" title=\"Programa Sumar\" src=\"https:\/\/ensalcira-cba.infd.edu.ar\/sitio\/wp-content\/uploads\/2018\/08\/SUMAR.jpg\" alt=\"Programa Sumar\" width=\"250\" height=\"450\" border=\"0\"><\/span><\/p>\n<p style=\"text-align: justify;\"><span style=\"font-size: 12pt;\">Con el objetivo de favorecer el&nbsp;<\/span><span style=\"font-size: 12pt;\">derech<\/span><span style=\"font-size: 12pt;\">o a la salud de los adolescentes de nuestra localidad y en el marco del Programa SUMAR, nuestro Hospital Municipal de Alcira cuenta con el <\/span><strong style=\"font-size: 12pt;\"><em>Consultorio de Adolescencia<\/em>.<\/strong><span style=\"font-size: 12pt;\"> Este espacio institucional est\u00e1 formado por un equipo de profesionales de diversas \u00e1reas de la salud, pensado especialmente para adolescentes, para brindarles un&nbsp;<span style=\"font-size: 12pt;\">lugar de escucha, contenci\u00f3n y prevenci\u00f3n, abordando diversas problem\u00e1ticas.<\/span>&nbsp;<\/span><\/p>\n<p style=\"text-align: justify;\"><span style=\"font-size: 12pt;\"><span style=\"font-size: 12pt;\">Esta semana, el equipo del Hospital Municipal&nbsp;<\/span><\/span><span style=\"font-size: 12pt;\">inici\u00f3 un programa de visita a los Centros Educativos de la localidad, para informar respecto a esta novedosa iniciativa.<\/span><\/p>\n<p style=\"text-align: justify;\"><span style=\"font-size: 12pt;\"> As\u00ed, el pasado mi\u00e9rcoles 15 de abril fue el turno de la <strong>Escuela Normal Superior \u201cJos\u00e9 Manuel Estrada\u201d<\/strong>, que conoci\u00f3 detalles acerca de la implementaci\u00f3n de esta propuesta. En este marco, se agradece la colaboraci\u00f3n puesta de manifiesto por el Intendente Municipal de Alcira, la Secretaria de Salud y Desarrollo Social y al equipo de Profesionales (Psic\u00f3loga, Pediatra, Odont\u00f3logo, Enfermeras&#8230;) que integran el Programa SUMAR.-<\/span><\/p>\n<p><span style=\"font-size: 12pt;\">&nbsp;<img decoding=\"async\" loading=\"lazy\" class=\"aligncenter\" style=\"border: 0px; vertical-align: middle; display: block; margin-left: auto; margin-right: auto;\" title=\"sumar\" src=\"https:\/\/ensalcira-cba.infd.edu.ar\/sitio\/wp-content\/uploads\/2018\/08\/sumar.jpg\" alt=\"sumar\" width=\"550\" height=\"450\" border=\"0\"><br \/>\n<\/span><\/p>\n","protected":false},"excerpt":{"rendered":"<p>En el a\u00f1o 2012 el Gobierno Nacional lanz\u00f3 el Programa SUMAR, dirigido a&nbsp;ni\u00f1os\/as, adolescentes, embarazadas y mujeres hasta los 64 a\u00f1os, sin obra social, para mejorar y profundizar su atenci\u00f3n en los establecimientos p\u00fablicos de salud.&nbsp; El Programa SUMAR cuenta con el apoyo y antecedente del Plan NACER, plan materno &#8211; infantil, proponiendo un novedoso &#8230; <a title=\"Programa &quot;SUMAR&quot; &#8211; Cobertura de Salud para Adolescentes\" class=\"read-more\" href=\"https:\/\/ensalcira-cba.infd.edu.ar\/sitio\/programa-sumar-cobertura-de-salud-para-adolescentes\/\" aria-label=\"More on Programa &quot;SUMAR&quot; &#8211; Cobertura de Salud para Adolescentes\">[+]<\/a><\/p>\n","protected":false},"author":86,"featured_media":0,"parent":0,"menu_order":0,"comment_status":"closed","ping_status":"closed","template":"","meta":[],"acf":[],"_links":{"self":[{"href":"https:\/\/ensalcira-cba.infd.edu.ar\/sitio\/wp-json\/wp\/v2\/pages\/1331"}],"collection":[{"href":"https:\/\/ensalcira-cba.infd.edu.ar\/sitio\/wp-json\/wp\/v2\/pages"}],"about":[{"href":"https:\/\/ensalcira-cba.infd.edu.ar\/sitio\/wp-json\/wp\/v2\/types\/page"}],"author":[{"embeddable":true,"href":"https:\/\/ensalcira-cba.infd.edu.ar\/sitio\/wp-json\/wp\/v2\/users\/86"}],"replies":[{"embeddable":true,"href":"https:\/\/ensalcira-cba.infd.edu.ar\/sitio\/wp-json\/wp\/v2\/comments?post=1331"}],"version-history":[{"count":2,"href":"https:\/\/ensalcira-cba.infd.edu.ar\/sitio\/wp-json\/wp\/v2\/pages\/1331\/revisions"}],"predecessor-version":[{"id":2834,"href":"https:\/\/ensalcira-cba.infd.edu.ar\/sitio\/wp-json\/wp\/v2\/pages\/1331\/revisions\/2834"}],"wp:attachment":[{"href":"https:\/\/ensalcira-cba.infd.edu.ar\/sitio\/wp-json\/wp\/v2\/media?parent=1331"}],"curies":[{"name":"wp","href":"https:\/\/api.w.org\/{rel}","templated":true}]}}