{"id":1247,"date":"2018-08-30T15:11:19","date_gmt":"2018-08-30T18:11:19","guid":{"rendered":"https:\/\/ensalcira-cba.infd.edu.ar\/sitio\/reglamento\/"},"modified":"2020-10-28T09:04:19","modified_gmt":"2020-10-28T12:04:19","slug":"reglamento","status":"publish","type":"page","link":"https:\/\/ensalcira-cba.infd.edu.ar\/sitio\/reglamento\/","title":{"rendered":"Reglamento"},"content":{"rendered":"<p style=\"text-align: justify;\"><span style=\"font-family: 'book antiqua', palatino; font-size: 14pt;\"><strong>\u00a0\u00a0\u00a0La intenci\u00f3n de apoyar\u00a0 el proceso de ense\u00f1anza \u2013 aprendizaje y formar lectores requiere compartir responsabilidades. Con este objetivo el presente reglamento se convierte en norma y uso de convivencia.<\/strong><\/span><\/p>\n<p style=\"text-align: justify;\"><span style=\"font-size: 12pt; font-family: 'book antiqua', palatino;\">a)\u00a0La Comunidad Educativa, n\u00facleo familiar del alumno y vecinos en general, tienen derecho a concurrir y hacer uso de los diferentes materiales que ofrece la Biblioteca.<\/span><\/p>\n<p style=\"text-align: justify;\"><span style=\"font-size: 12pt; font-family: 'book antiqua', palatino;\">b)\u00a0Las Obras de Referencia: Enciclopedias, Diccionarios y Atlas son de\u00a0\u00a0 exclusiva consulta en Sala de Biblioteca, aula u otro espacio escolar.<\/span><\/p>\n<p style=\"text-align: justify;\"><span style=\"font-size: 12pt; font-family: 'book antiqua', palatino;\">c) Los textos de estudio se prestan a domicilio.<\/span><\/p>\n<p style=\"text-align: justify;\"><span style=\"font-size: 12pt; font-family: 'book antiqua', palatino;\">d) Las Obras de did\u00e1ctica, capacitaci\u00f3n, formaci\u00f3n e investigaci\u00f3n se prestan a domicilio a profesores de Nivel Medio y alumnos y profesores de Nivel Superior, para una mejor adaptaci\u00f3n de sus contenidos.\u00a0<\/span><\/p>\n<p style=\"text-align: justify;\"><span style=\"font-size: 12pt; font-family: 'book antiqua', palatino;\">e) Los trabajos finales y proyectos de alumnos y profesores del Nivel Superior (\u201cProfesorado de Educaci\u00f3n Primaria\u201d y \u201cTecnicatura Superior en gesti\u00f3n de la Producci\u00f3n Agropecuaria\u201d) ser\u00e1n de exclusiva consulta en Sala de Biblioteca, en preservaci\u00f3n de los derechos de propiedad intelectual.<\/span><\/p>\n<p style=\"text-align: justify;\"><span style=\"font-size: 12pt; font-family: 'book antiqua', palatino;\">f) Las Obras de Recreaci\u00f3n y de Literatura general se prestan a domicilio.<\/span><\/p>\n<p style=\"text-align: justify;\"><span style=\"font-size: 12pt; font-family: 'book antiqua', palatino;\">g) No se deber\u00e1n realizar anotaciones en el material bibliogr\u00e1fico u otros, ni doblar las hojas o causar cualquier tipo de deterioro, hecho esto extensivo a otros bienes de la Instituci\u00f3n, que posea la Biblioteca.<\/span><\/p>\n<p style=\"text-align: justify;\"><span style=\"font-size: 12pt; font-family: 'book antiqua', palatino;\">h) En caso de extrav\u00edo, destrucci\u00f3n o mutilaci\u00f3n, el usuario deber\u00e1 dar aviso de inmediato al Bibliotecario y\/o Director y restituir un ejemplar similar o el importe de su precio en plaza; cuando no se pueda determinar dicho precio, el Bibliotecario realizar\u00e1 su valuaci\u00f3n de oficio.<\/span><\/p>\n<p style=\"text-align: justify;\"><span style=\"font-size: 12pt; font-family: 'book antiqua', palatino;\">i) En caso de ediciones agotadas, devolver\u00e1 en su reemplazo, el que el Consejo Escolar considere conveniente.<\/span><\/p>\n<p style=\"text-align: justify;\"><span style=\"font-size: 12pt; font-family: 'book antiqua', palatino;\">j) La persona que obtuviere un libro en pr\u00e9stamo es la \u00fanica responsable de su conservaci\u00f3n y devoluci\u00f3n en el t\u00e9rmino fijado, por lo que los pr\u00e9stamos son de car\u00e1cter personal e intransferible a terceros.<\/span><\/p>\n<p style=\"text-align: justify;\"><span style=\"font-size: 12pt; font-family: 'book antiqua', palatino;\">k) En caso de ejemplares \u00fanicos, el pr\u00e9stamo a domicilio ser\u00e1 restringido por 24 horas y\/o fin de semana.\u00a0\u00a0<\/span><\/p>\n<p style=\"text-align: justify;\"><span style=\"font-size: 12pt; font-family: 'book antiqua', palatino;\">l)\u00a0Vencido el t\u00e9rmino de devoluci\u00f3n del material en tiempo y forma, se establecer\u00e1 la siguiente v\u00eda de notificaci\u00f3n:<\/span><\/p>\n<p style=\"padding-left: 60px; text-align: left;\"><span style=\"font-size: 12pt; font-family: 'book antiqua', palatino;\">1\u00ba) Recordatorio en forma verbal.<\/span><\/p>\n<p style=\"padding-left: 60px; text-align: left;\"><span style=\"font-size: 12pt; font-family: 'book antiqua', palatino;\">2\u00ba) Se informar\u00e1 a la Direcci\u00f3n.<\/span><\/p>\n<p style=\"padding-left: 60px; text-align: left;\"><span style=\"font-size: 12pt; font-family: 'book antiqua', palatino;\">3\u00ba) No podr\u00e1n retirar material para domicilio, solo para consulta en Sala de Lectura.<\/span><\/p>\n<p style=\"text-align: justify;\"><span style=\"font-size: 12pt; font-family: 'book antiqua', palatino;\">m)\u00a0Todo lector tendr\u00e1 derecho a presentar ante la Direcci\u00f3n, Consejo\u00a0<\/span><span style=\"font-family: 'book antiqua', palatino; font-size: 12pt;\">Directivo, Centro de Estudiantes&#8230; proyectos, sugerencias, inquietudes, que contribuyan a optimizar el servicio de Biblioteca.<\/span><\/p>\n","protected":false},"excerpt":{"rendered":"<p>\u00a0\u00a0\u00a0La intenci\u00f3n de apoyar\u00a0 el proceso de ense\u00f1anza \u2013 aprendizaje y formar lectores requiere compartir responsabilidades. Con este objetivo el presente reglamento se convierte en norma y uso de convivencia. a)\u00a0La Comunidad Educativa, n\u00facleo familiar del alumno y vecinos en general, tienen derecho a concurrir y hacer uso de los diferentes materiales que ofrece la &#8230; <a title=\"Reglamento\" class=\"read-more\" href=\"https:\/\/ensalcira-cba.infd.edu.ar\/sitio\/reglamento\/\" aria-label=\"More on Reglamento\">[+]<\/a><\/p>\n","protected":false},"author":86,"featured_media":0,"parent":0,"menu_order":0,"comment_status":"closed","ping_status":"closed","template":"","meta":[],"acf":[],"_links":{"self":[{"href":"https:\/\/ensalcira-cba.infd.edu.ar\/sitio\/wp-json\/wp\/v2\/pages\/1247"}],"collection":[{"href":"https:\/\/ensalcira-cba.infd.edu.ar\/sitio\/wp-json\/wp\/v2\/pages"}],"about":[{"href":"https:\/\/ensalcira-cba.infd.edu.ar\/sitio\/wp-json\/wp\/v2\/types\/page"}],"author":[{"embeddable":true,"href":"https:\/\/ensalcira-cba.infd.edu.ar\/sitio\/wp-json\/wp\/v2\/users\/86"}],"replies":[{"embeddable":true,"href":"https:\/\/ensalcira-cba.infd.edu.ar\/sitio\/wp-json\/wp\/v2\/comments?post=1247"}],"version-history":[{"count":2,"href":"https:\/\/ensalcira-cba.infd.edu.ar\/sitio\/wp-json\/wp\/v2\/pages\/1247\/revisions"}],"predecessor-version":[{"id":2233,"href":"https:\/\/ensalcira-cba.infd.edu.ar\/sitio\/wp-json\/wp\/v2\/pages\/1247\/revisions\/2233"}],"wp:attachment":[{"href":"https:\/\/ensalcira-cba.infd.edu.ar\/sitio\/wp-json\/wp\/v2\/media?parent=1247"}],"curies":[{"name":"wp","href":"https:\/\/api.w.org\/{rel}","templated":true}]}}